{"id":967,"date":"2021-06-02T08:04:01","date_gmt":"2021-06-02T08:04:01","guid":{"rendered":"http:\/\/lbrand-vsp.site.findly.com\/?page_id=967"},"modified":"2022-10-14T10:44:10","modified_gmt":"2022-10-14T10:44:10","slug":"domaines-demploi","status":"publish","type":"page","link":"https:\/\/careers.victoriassecret.com\/fr\/domaines-demploi\/","title":{"rendered":"DOMAINES D\u2019EMPLOI"},"content":{"rendered":"<p><div class=\"fusion-fullwidth fullwidth-box fusion-builder-row-1 fusion-flex-container bbw_banner_search__container nonhundred-percent-fullwidth non-hundred-percent-height-scrolling\" style=\"--awb-border-radius-top-left:0px;--awb-border-radius-top-right:0px;--awb-border-radius-bottom-right:0px;--awb-border-radius-bottom-left:0px;--awb-padding-top:25px;--awb-background-color:#2f252b;--awb-flex-wrap:wrap;\" ><div class=\"fusion-builder-row fusion-row fusion-flex-align-items-center fusion-flex-justify-content-center fusion-flex-content-wrap\" style=\"max-width:calc( 1557px + 20px );margin-left: calc(-20px \/ 2 );margin-right: calc(-20px \/ 2 );\"><div class=\"fusion-layout-column fusion_builder_column fusion-builder-column-0 fusion-flex-column\" style=\"--awb-bg-size:cover;--awb-width-large:88%;--awb-margin-top-large:0px;--awb-spacing-right-large:10px;--awb-margin-bottom-large:20px;--awb-spacing-left-large:10px;--awb-width-medium:100%;--awb-order-medium:0;--awb-spacing-right-medium:10px;--awb-spacing-left-medium:10px;--awb-width-small:100%;--awb-order-small:0;--awb-spacing-right-small:10px;--awb-spacing-left-small:10px;\"><div class=\"fusion-column-wrapper fusion-column-has-shadow fusion-flex-justify-content-flex-start fusion-content-layout-column\"><div class=\"fusion-widget-area awb-widget-area-element fusion-widget-area-1 fusion-content-widget-area\" style=\"--awb-title-color:#2f252b;--awb-padding:0px 0px 0px 0px;\"><div id=\"widget_job_search_v2-3\" class=\"widget widget-jobsearch widget-jobsearch-v2\" style=\"border-style: solid;border-color:transparent;border-width:0px;\"><form method=\"GET\" id=\"cws_quickjobsearch\" role=\"search\" class=\"clearfix g-cols offset_medium\" action=\"\/fr\/recherche-demploi\/\"><div class=\"quicksearch-title first avia-builder-el-first flex_column fusion-layout-column fusion-one-fifth \"><h3 class=\"widgettitle cws-widgetitle\">Recherche d\u2019emploi<\/h3><\/div><div class=\"quicksearch-field quicksearch-SearchText  flex_column fusion-layout-column fusion-one-fifth  horizontal\"><div class=\"w-form-row\"><div class=\"w-form-row-label\"><label for=\"cws_quickjobsearch_keywords\">Mots-cl\u00e9s<\/label><\/div><div class=\"w-form-row-field\"><input type=\"text\" class=\"text_input keyword_suggest\" name=\"keyword\" id=\"cws_quickjobsearch_keywords\" data-autocomplete_limit=\"5\" placeholder=\"Recherche par mots-cl\u00e9s\"  data-param=\"SearchText\" aria-describedby=\"keyword-help\" value=\"\" \/><span id=\"keyword-help\" class=\"visually-hidden sr-only\" aria-live=\"polite\">Begin typing to find suggestions.<\/span><span class=\"w-form-row-field-bar\"><\/span><\/div><input type=\"hidden\" name=\"fuzzy\" id=\"cws_quickjobsearch_fuzzy\" data-param=\"fuzzy\" value=\"\" \/><\/div><\/div><div class=\"quicksearch-field quicksearch-addtnl_categories  flex_column fusion-layout-column fusion-one-fifth  horizontal\"><div class=\"search-control-container container-addtnl-categories custom\"><div class=\"w-form-row-label\"><label for=\"cws_quickjobsearch_addtnl_categories\">Domaines d\u2019emploi<\/label><\/div><select name=\"addtnl_categories\" id=\"cws_quickjobsearch_addtnl_categories\" class=\"text_select \" data-param=\"facet\" data-facet=\"addtnl_categories\"><option value=\"\">S\u00e9lectionnez une cat\u00e9gorie d'emploi<\/option><option value=\"Accounting\" >Comptabilit\u00e9<\/option><option value=\"Asset Protection and Safety Services\" >Services de protection et de s\u00e9curit\u00e9 des actifs<\/option><option value=\"Brand and Business Strategy\" >Strat\u00e9gie de marque et d'entreprise<\/option><option value=\"Cafe\" >Caf\u00e9<\/option><option value=\"Design\" >Concevoir<\/option><option value=\"Creative Services\" >Services cr\u00e9atifs<\/option><option value=\"Customer Care Center\" >Centre de service client<\/option><option value=\"Distribution Center Operations\" >Op\u00e9rations du centre de distribution<\/option><option value=\"Installations\" >Installations<\/option><option value=\"Finance\" >La finance<\/option><option value=\"Human Resources\" >Ressources humaines<\/option><option value=\"Information Technology\" >Informatique<\/option><option value=\"Legal\" >L\u00e9gal<\/option><option value=\"Logistics\" >Logistique<\/option><option value=\"undefined\" >undefined<\/option><option value=\"Marketing\" >Commercialisation<\/option><option value=\"Merchandising\" >Marchandisage<\/option><option value=\"Planning and Allocation\" >Planification et allocation<\/option><option value=\"Production and Sourcing\" >Production et approvisionnement<\/option><option value=\"Store Design and Construction\" >Conception et construction de magasins<\/option><option value=\"Store Operations\" >Op\u00e9rations du magasin<\/option><option value=\"Store: Management\" >Magasin : Gestion<\/option><option value=\"Store: Processing Center\" >Magasin\u00a0: Centre de traitement<\/option><option value=\"Store: Sales and Support Associate\" >Magasin\u00a0:\u00a0associ\u00e9 aux ventes et au soutien<\/option><option value=\"Technical Services\" >Services techniques<\/option><option value=\"Internship\" >Stage<\/option><\/select><\/div><\/div><div class=\"quicksearch-field quicksearch-coordinates  flex_column fusion-layout-column fusion-one-fifth  horizontal\"><div class=\"w-form-row-label\"><label for=\"cws_quickjobsearch_location\">Emplacement<\/label><\/div><div class=\"location-wrapper location-wrapper with_geo\"><input type=\"text\"  class=\"text_input loc_auto\" name=\"location\" id=\"cws_quickjobsearch_location\"  placeholder=\"Recherche \u00e0 proximit\u00e9 d'un emplacement\"  data-param=\"Location\" value=\"\" aria-describedby=\"cws_quickjobsearch_location-description\" \/><button class=\"geolocation-icon fontawesome-icon fas\" id=\"geotooltip\" type=\"button\" tabindex=\"0\" aria-label=\"Use your current location\">&#xf3c5;\n<span class=\"geolocation-tooltip\"  role=\"tooltip\" aria-hidden=\"true\">Use your current location<\/span> <\/button><span id=\"cws_quickjobsearch_location-description\" style=\"display:none;\">Start typing a location to get suggestions, then press the down arrow to select one.<\/span><span id=\"cws_quickjobsearch_location_error\" style=\"display:none;\" class=\"location_error\">*Please select location from the dropdown<\/span><\/div><input type=\"hidden\" name=\"latitude\" id=\"cws_quickjobsearch_latitude\" data-param=\"latitude\" value=\"\" \/><input type=\"hidden\" name=\"longitude\" id=\"cws_quickjobsearch_longitude\" data-param=\"longitude\" value=\"\" \/><input type=\"hidden\" name=\"state\" id=\"cws_quickjobsearch_state\" data-param=\"facet\" data-facet=\"primary_state\" value=\"\" \/><input type=\"hidden\" name=\"country\" id=\"cws_quickjobsearch_country\" data-param=\"facet\" data-facet=\"primary_country\" value=\"\" \/><input type=\"hidden\" name=\"radius\" id=\"cws_quickjobsearch_radius\" value=\"25\" \/><input type=\"hidden\" name=\"statewide\" id=\"cws_quickjobsearch_statewide\" value=\"\" \/><input type=\"hidden\" name=\"nationwide\" id=\"cws_quickjobsearch_nationwide\" value=\"\" \/><\/div><div class=\"quicksearch-btn avia-builder-el-last flex_column fusion-layout-column fusion-one-fifth \"><input class=\"fusion-button button-default button-small quicksearch-submit\" type=\"submit\" value=\"Recherche\" \/><\/div><\/form><\/div><div class=\"fusion-additional-widget-content\"><\/div><\/div><\/div><\/div><div class=\"fusion-layout-column fusion_builder_column fusion-builder-column-1 fusion-flex-column fusion-flex-align-self-center bbw_banner_search_employee__link\" style=\"--awb-bg-size:cover;--awb-width-large:12%;--awb-margin-top-large:0px;--awb-spacing-right-large:10px;--awb-margin-bottom-large:20px;--awb-spacing-left-large:10px;--awb-width-medium:100%;--awb-order-medium:0;--awb-spacing-right-medium:10px;--awb-spacing-left-medium:10px;--awb-width-small:100%;--awb-order-small:0;--awb-spacing-right-small:10px;--awb-spacing-left-small:10px;\"><div class=\"fusion-column-wrapper fusion-column-has-shadow fusion-flex-justify-content-flex-start fusion-content-layout-column\"><div class=\"fusion-widget-area awb-widget-area-element fusion-widget-area-2 fusion-content-widget-area\" style=\"--awb-title-color:#2f252b;--awb-padding:0px 0px 0px 0px;\"><div id=\"custom_html-4\" class=\"widget_text widget widget_custom_html\" style=\"border-style: solid;border-color:transparent;border-width:0px;\"><div class=\"textwidget custom-html-widget\"><p><a href=\"https:\/\/vsco.taleo.net\/careersection\/vss_in\/jobsearch.ftl\" target=\"_blank\">Employ\u00e9s actuels &gt;<\/a><\/p><\/div><\/div><div class=\"fusion-additional-widget-content\"><\/div><\/div><\/div><\/div><\/div><\/div><div class=\"fusion-fullwidth fullwidth-box fusion-builder-row-2 fusion-flex-container nonhundred-percent-fullwidth non-hundred-percent-height-scrolling\" style=\"--awb-border-radius-top-left:0px;--awb-border-radius-top-right:0px;--awb-border-radius-bottom-right:0px;--awb-border-radius-bottom-left:0px;--awb-flex-wrap:wrap;\" ><div class=\"fusion-builder-row fusion-row fusion-flex-align-items-flex-start fusion-flex-content-wrap\" style=\"max-width:1619.28px;margin-left: calc(-4% \/ 2 );margin-right: calc(-4% \/ 2 );\"><div class=\"fusion-layout-column fusion_builder_column fusion-builder-column-2 fusion_builder_column_1_1 1_1 fusion-flex-column\" style=\"--awb-bg-size:cover;--awb-width-large:100%;--awb-margin-top-large:0px;--awb-spacing-right-large:1.92%;--awb-margin-bottom-large:20px;--awb-spacing-left-large:1.92%;--awb-width-medium:100%;--awb-order-medium:0;--awb-spacing-right-medium:1.92%;--awb-spacing-left-medium:1.92%;--awb-width-small:100%;--awb-order-small:0;--awb-spacing-right-small:1.92%;--awb-spacing-left-small:1.92%;\"><div class=\"fusion-column-wrapper fusion-column-has-shadow fusion-flex-justify-content-flex-start fusion-content-layout-column\"><nav class=\"fusion-breadcrumbs awb-yoast-breadcrumbs fusion-breadcrumbs-1\" style=\"--awb-breadcrumb-sep:&#039;\/&#039;;\" aria-label=\"Breadcrumb\"><span><span><a href=\"https:\/\/careers.victoriassecret.com\/fr\/\">VICTORIA'S SECRET+PINK CAREERS HOME<\/a><\/span><\/span><\/nav><\/div><\/div><\/div><\/div><div class=\"fusion-fullwidth fullwidth-box fusion-builder-row-3 fusion-flex-container jobareaspage__content nonhundred-percent-fullwidth non-hundred-percent-height-scrolling\" style=\"--awb-border-radius-top-left:0px;--awb-border-radius-top-right:0px;--awb-border-radius-bottom-right:0px;--awb-border-radius-bottom-left:0px;--awb-padding-bottom:50px;--awb-padding-bottom-medium:30px;--awb-padding-bottom-small:0px;--awb-flex-wrap:wrap;\" ><div class=\"fusion-builder-row fusion-row fusion-flex-align-items-flex-start fusion-flex-content-wrap\" style=\"max-width:1619.28px;margin-left: calc(-4% \/ 2 );margin-right: calc(-4% \/ 2 );\"><div class=\"fusion-layout-column fusion_builder_column fusion-builder-column-3 fusion_builder_column_1_1 1_1 fusion-flex-column\" style=\"--awb-bg-size:cover;--awb-width-large:100%;--awb-margin-top-large:0px;--awb-spacing-right-large:1.92%;--awb-margin-bottom-large:20px;--awb-spacing-left-large:1.92%;--awb-width-medium:100%;--awb-order-medium:0;--awb-spacing-right-medium:1.92%;--awb-spacing-left-medium:1.92%;--awb-width-small:100%;--awb-order-small:0;--awb-spacing-right-small:1.92%;--awb-spacing-left-small:1.92%;\"><div class=\"fusion-column-wrapper fusion-column-has-shadow fusion-flex-justify-content-flex-start fusion-content-layout-column\"><div class=\"fusion-title title fusion-title-1 fusion-sep-none fusion-title-text fusion-title-size-one\"><h1 class=\"fusion-title-heading title-heading-left\" style=\"margin:0;\">DOMAINES D\u2019EMPLOI<\/h1><\/div><div class=\"fusion-text fusion-text-1\"><p>En tant que chef de file mondial incontest\u00e9 en mati\u00e8re de sous-v\u00eatements et de produits de beaut\u00e9, nous avons une \u00e9quipe hautement talentueuse dans nos bureaux du si\u00e8ge social, nos boutiques et nos centres de distribution.<\/p>\n<\/div><\/div><\/div><\/div><\/div><div class=\"fusion-fullwidth fullwidth-box fusion-builder-row-4 fusion-flex-container jobareaspage_cta_container nonhundred-percent-fullwidth non-hundred-percent-height-scrolling\" style=\"--awb-border-radius-top-left:0px;--awb-border-radius-top-right:0px;--awb-border-radius-bottom-right:0px;--awb-border-radius-bottom-left:0px;--awb-padding-bottom:80px;--awb-padding-bottom-medium:30px;--awb-padding-bottom-small:10px;--awb-flex-wrap:wrap;\" ><div class=\"fusion-builder-row fusion-row fusion-flex-align-items-flex-start fusion-flex-content-wrap\" style=\"max-width:calc( 1557px + 30px );margin-left: calc(-30px \/ 2 );margin-right: calc(-30px \/ 2 );\"><div class=\"fusion-layout-column fusion_builder_column fusion-builder-column-4 fusion_builder_column_1_4 1_4 fusion-flex-column\" style=\"--awb-bg-size:cover;--awb-width-large:25%;--awb-margin-top-large:0px;--awb-spacing-right-large:15px;--awb-margin-bottom-large:20px;--awb-spacing-left-large:15px;--awb-width-medium:100%;--awb-order-medium:0;--awb-spacing-right-medium:15px;--awb-spacing-left-medium:15px;--awb-width-small:100%;--awb-order-small:0;--awb-spacing-right-small:15px;--awb-spacing-left-small:15px;\"><div class=\"fusion-column-wrapper fusion-column-has-shadow fusion-flex-justify-content-flex-start fusion-content-layout-column\"><div class=\"fusion-text fusion-text-2\"><p><img decoding=\"async\" class=\"alignnone size-full wp-image-3093\" src=\"https:\/\/cdn-static.findly.com\/wp-content\/uploads\/sites\/1661\/2022\/08\/10151451\/Job-Area_363x233_Home-Office.jpg\" alt=\"\" width=\"363\" height=\"233\" \/><\/p>\n<\/div><div style=\"text-align:center;\"><a class=\"fusion-button button-flat button-medium button-default fusion-button-default button-1 fusion-button-span-no fusion-button-default-type bbw_button__blue\" style=\"--button_text_transform:uppercase;\" target=\"_self\" href=\"\/fr\/domaines-demploi\/siege-social\/\"><span class=\"fusion-button-text\">SI\u00c8GE SOCIAL<\/span><\/a><\/div><\/div><\/div><div class=\"fusion-layout-column fusion_builder_column fusion-builder-column-5 fusion_builder_column_1_4 1_4 fusion-flex-column\" style=\"--awb-bg-size:cover;--awb-width-large:25%;--awb-margin-top-large:0px;--awb-spacing-right-large:15px;--awb-margin-bottom-large:20px;--awb-spacing-left-large:15px;--awb-width-medium:100%;--awb-order-medium:0;--awb-spacing-right-medium:15px;--awb-spacing-left-medium:15px;--awb-width-small:100%;--awb-order-small:0;--awb-spacing-right-small:15px;--awb-spacing-left-small:15px;\"><div class=\"fusion-column-wrapper fusion-column-has-shadow fusion-flex-justify-content-flex-start fusion-content-layout-column\"><div class=\"fusion-text fusion-text-3\"><p><img decoding=\"async\" class=\"alignnone size-full wp-image-3094\" src=\"https:\/\/cdn-static.findly.com\/wp-content\/uploads\/sites\/1661\/2022\/08\/10151456\/Job-Area_363x233_Stores.jpg\" alt=\"\" width=\"363\" height=\"233\" \/><\/p>\n<\/div><div style=\"text-align:center;\"><a class=\"fusion-button button-flat button-medium button-default fusion-button-default button-2 fusion-button-span-no fusion-button-default-type bbw_button__blue\" style=\"--button_text_transform:uppercase;\" target=\"_self\" href=\"\/fr\/domaines-demploi\/boutiques\/\"><span class=\"fusion-button-text\">BOUTIQUES<\/span><\/a><\/div><\/div><\/div><div class=\"fusion-layout-column fusion_builder_column fusion-builder-column-6 fusion_builder_column_1_4 1_4 fusion-flex-column\" style=\"--awb-bg-size:cover;--awb-width-large:25%;--awb-margin-top-large:0px;--awb-spacing-right-large:15px;--awb-margin-bottom-large:20px;--awb-spacing-left-large:15px;--awb-width-medium:100%;--awb-order-medium:0;--awb-spacing-right-medium:15px;--awb-spacing-left-medium:15px;--awb-width-small:100%;--awb-order-small:0;--awb-spacing-right-small:15px;--awb-spacing-left-small:15px;\"><div class=\"fusion-column-wrapper fusion-column-has-shadow fusion-flex-justify-content-flex-start fusion-content-layout-column\"><div class=\"fusion-text fusion-text-4\"><p><img decoding=\"async\" class=\"alignnone size-full wp-image-3095\" src=\"https:\/\/cdn-static.findly.com\/wp-content\/uploads\/sites\/1661\/2022\/08\/10151500\/Job-Area_363x233_Distribution-Center.jpg\" alt=\"\" width=\"363\" height=\"233\" \/><\/p>\n<\/div><div style=\"text-align:center;\"><a class=\"fusion-button button-flat button-medium button-default fusion-button-default button-3 fusion-button-span-no fusion-button-default-type bbw_button__blue\" style=\"--button_text_transform:uppercase;\" target=\"_self\" href=\"\/fr\/job-areas\/centres-de-distribution\/\"><span class=\"fusion-button-text\">CENTRES DE DISTRIBUTION<\/span><\/a><\/div><\/div><\/div><\/div><\/div><\/p>\n","protected":false},"excerpt":{"rendered":"","protected":false},"author":1570,"featured_media":0,"parent":0,"menu_order":0,"comment_status":"closed","ping_status":"open","template":"100-width.php","meta":{"footnotes":""},"persona":[],"class_list":["post-967","page","type-page","status-publish","hentry"],"yoast_head":"<!-- This site is optimized with the Yoast SEO Premium plugin v23.0 (Yoast SEO v23.0) - https:\/\/yoast.com\/wordpress\/plugins\/seo\/ -->\n<title>Victoria&rsquo;s Secret - Our Career Opportunities - Job Areas<\/title>\n<meta name=\"description\" content=\"Explorez les nombreux secteurs dans lesquels Victoria\u2019s Secret offre des opportunit\u00e9s \u00e0 ceux qui cherchent \u00e0 faire avancer leur carri\u00e8re.\" \/>\n<meta name=\"robots\" content=\"index, follow, max-snippet:-1, max-image-preview:large, max-video-preview:-1\" \/>\n<link rel=\"canonical\" href=\"https:\/\/careers.victoriassecret.com\/en\/job-areas\/\" \/>\n<meta property=\"og:locale\" content=\"fr_FR\" \/>\n<meta property=\"og:type\" content=\"article\" \/>\n<meta property=\"og:title\" content=\"DOMAINES D\u2019EMPLOI\" \/>\n<meta property=\"og:description\" content=\"Explorez les nombreux secteurs dans lesquels Victoria\u2019s Secret offre des opportunit\u00e9s \u00e0 ceux qui cherchent \u00e0 faire avancer leur carri\u00e8re.\" \/>\n<meta property=\"og:url\" content=\"https:\/\/careers.victoriassecret.com\/en\/job-areas\/\" \/>\n<meta property=\"og:site_name\" content=\"Victoria&#039;s Secret\" \/>\n<meta property=\"article:modified_time\" content=\"2022-10-14T10:44:10+00:00\" \/>\n<meta property=\"og:image\" content=\"https:\/\/cdn-static.findly.com\/wp-content\/uploads\/sites\/1661\/2022\/08\/10151451\/Job-Area_363x233_Home-Office.jpg\" \/>\n<meta name=\"twitter:card\" content=\"summary_large_image\" \/>\n<meta name=\"twitter:label1\" content=\"Dur\u00e9e de lecture estim\u00e9e\" \/>\n\t<meta name=\"twitter:data1\" content=\"11 minutes\" \/>\n<script type=\"application\/ld+json\" class=\"yoast-schema-graph\">{\"@context\":\"https:\/\/schema.org\",\"@graph\":[{\"@type\":\"WebPage\",\"@id\":\"https:\/\/careers.victoriassecret.com\/en\/job-areas\/\",\"url\":\"https:\/\/careers.victoriassecret.com\/en\/job-areas\/\",\"name\":\"Victoria&rsquo;s Secret - Our Career Opportunities - Job Areas\",\"isPartOf\":{\"@id\":\"https:\/\/careers.victoriassecret.com\/en\/#website\"},\"primaryImageOfPage\":{\"@id\":\"https:\/\/careers.victoriassecret.com\/en\/job-areas\/#primaryimage\"},\"image\":{\"@id\":\"https:\/\/careers.victoriassecret.com\/en\/job-areas\/#primaryimage\"},\"thumbnailUrl\":\"https:\/\/cdn-static.findly.com\/wp-content\/uploads\/sites\/1661\/2022\/08\/10151451\/Job-Area_363x233_Home-Office.jpg\",\"datePublished\":\"2021-06-02T08:04:01+00:00\",\"dateModified\":\"2022-10-14T10:44:10+00:00\",\"description\":\"Explorez les nombreux secteurs dans lesquels Victoria\u2019s Secret offre des opportunit\u00e9s \u00e0 ceux qui cherchent \u00e0 faire avancer leur carri\u00e8re.\",\"breadcrumb\":{\"@id\":\"https:\/\/careers.victoriassecret.com\/en\/job-areas\/#breadcrumb\"},\"inLanguage\":\"fr-FR\",\"potentialAction\":[{\"@type\":\"ReadAction\",\"target\":[\"https:\/\/careers.victoriassecret.com\/en\/job-areas\/\"]}]},{\"@type\":\"ImageObject\",\"inLanguage\":\"fr-FR\",\"@id\":\"https:\/\/careers.victoriassecret.com\/en\/job-areas\/#primaryimage\",\"url\":\"https:\/\/cdn-static.findly.com\/wp-content\/uploads\/sites\/1661\/2022\/08\/10151451\/Job-Area_363x233_Home-Office.jpg\",\"contentUrl\":\"https:\/\/cdn-static.findly.com\/wp-content\/uploads\/sites\/1661\/2022\/08\/10151451\/Job-Area_363x233_Home-Office.jpg\"},{\"@type\":\"BreadcrumbList\",\"@id\":\"https:\/\/careers.victoriassecret.com\/en\/job-areas\/#breadcrumb\",\"itemListElement\":[{\"@type\":\"ListItem\",\"position\":1,\"name\":\"VICTORIA'S SECRET+PINK CAREERS HOME\",\"item\":\"https:\/\/careers.victoriassecret.com\/fr\/\"},{\"@type\":\"ListItem\",\"position\":2,\"name\":\"DOMAINES D\u2019EMPLOI\"}]},{\"@type\":\"WebSite\",\"@id\":\"https:\/\/careers.victoriassecret.com\/en\/#website\",\"url\":\"https:\/\/careers.victoriassecret.com\/en\/\",\"name\":\"Victoria&#039;s Secret\",\"description\":\"\",\"potentialAction\":[{\"@type\":\"SearchAction\",\"target\":{\"@type\":\"EntryPoint\",\"urlTemplate\":\"https:\/\/careers.victoriassecret.com\/en\/?s={search_term_string}\"},\"query-input\":\"required name=search_term_string\"}],\"inLanguage\":\"fr-FR\"}]}<\/script>\n<!-- \/ Yoast SEO Premium plugin. -->","yoast_head_json":{"title":"Victoria&rsquo;s Secret - Our Career Opportunities - Job Areas","description":"Explorez les nombreux secteurs dans lesquels Victoria\u2019s Secret offre des opportunit\u00e9s \u00e0 ceux qui cherchent \u00e0 faire avancer leur carri\u00e8re.","robots":{"index":"index","follow":"follow","max-snippet":"max-snippet:-1","max-image-preview":"max-image-preview:large","max-video-preview":"max-video-preview:-1"},"canonical":"https:\/\/careers.victoriassecret.com\/en\/job-areas\/","og_locale":"fr_FR","og_type":"article","og_title":"DOMAINES D\u2019EMPLOI","og_description":"Explorez les nombreux secteurs dans lesquels Victoria\u2019s Secret offre des opportunit\u00e9s \u00e0 ceux qui cherchent \u00e0 faire avancer leur carri\u00e8re.","og_url":"https:\/\/careers.victoriassecret.com\/en\/job-areas\/","og_site_name":"Victoria&#039;s Secret","article_modified_time":"2022-10-14T10:44:10+00:00","og_image":[{"url":"https:\/\/cdn-static.findly.com\/wp-content\/uploads\/sites\/1661\/2022\/08\/10151451\/Job-Area_363x233_Home-Office.jpg"}],"twitter_card":"summary_large_image","twitter_misc":{"Dur\u00e9e de lecture estim\u00e9e":"11 minutes"},"schema":{"@context":"https:\/\/schema.org","@graph":[{"@type":"WebPage","@id":"https:\/\/careers.victoriassecret.com\/en\/job-areas\/","url":"https:\/\/careers.victoriassecret.com\/en\/job-areas\/","name":"Victoria&rsquo;s Secret - Our Career Opportunities - Job Areas","isPartOf":{"@id":"https:\/\/careers.victoriassecret.com\/en\/#website"},"primaryImageOfPage":{"@id":"https:\/\/careers.victoriassecret.com\/en\/job-areas\/#primaryimage"},"image":{"@id":"https:\/\/careers.victoriassecret.com\/en\/job-areas\/#primaryimage"},"thumbnailUrl":"https:\/\/cdn-static.findly.com\/wp-content\/uploads\/sites\/1661\/2022\/08\/10151451\/Job-Area_363x233_Home-Office.jpg","datePublished":"2021-06-02T08:04:01+00:00","dateModified":"2022-10-14T10:44:10+00:00","description":"Explorez les nombreux secteurs dans lesquels Victoria\u2019s Secret offre des opportunit\u00e9s \u00e0 ceux qui cherchent \u00e0 faire avancer leur carri\u00e8re.","breadcrumb":{"@id":"https:\/\/careers.victoriassecret.com\/en\/job-areas\/#breadcrumb"},"inLanguage":"fr-FR","potentialAction":[{"@type":"ReadAction","target":["https:\/\/careers.victoriassecret.com\/en\/job-areas\/"]}]},{"@type":"ImageObject","inLanguage":"fr-FR","@id":"https:\/\/careers.victoriassecret.com\/en\/job-areas\/#primaryimage","url":"https:\/\/cdn-static.findly.com\/wp-content\/uploads\/sites\/1661\/2022\/08\/10151451\/Job-Area_363x233_Home-Office.jpg","contentUrl":"https:\/\/cdn-static.findly.com\/wp-content\/uploads\/sites\/1661\/2022\/08\/10151451\/Job-Area_363x233_Home-Office.jpg"},{"@type":"BreadcrumbList","@id":"https:\/\/careers.victoriassecret.com\/en\/job-areas\/#breadcrumb","itemListElement":[{"@type":"ListItem","position":1,"name":"VICTORIA'S SECRET+PINK CAREERS HOME","item":"https:\/\/careers.victoriassecret.com\/fr\/"},{"@type":"ListItem","position":2,"name":"DOMAINES D\u2019EMPLOI"}]},{"@type":"WebSite","@id":"https:\/\/careers.victoriassecret.com\/en\/#website","url":"https:\/\/careers.victoriassecret.com\/en\/","name":"Victoria&#039;s Secret","description":"","potentialAction":[{"@type":"SearchAction","target":{"@type":"EntryPoint","urlTemplate":"https:\/\/careers.victoriassecret.com\/en\/?s={search_term_string}"},"query-input":"required name=search_term_string"}],"inLanguage":"fr-FR"}]}},"_links":{"self":[{"href":"https:\/\/careers.victoriassecret.com\/fr\/wp-json\/wp\/v2\/pages\/967","targetHints":{"allow":["GET"]}}],"collection":[{"href":"https:\/\/careers.victoriassecret.com\/fr\/wp-json\/wp\/v2\/pages"}],"about":[{"href":"https:\/\/careers.victoriassecret.com\/fr\/wp-json\/wp\/v2\/types\/page"}],"author":[{"embeddable":true,"href":"https:\/\/careers.victoriassecret.com\/fr\/wp-json\/wp\/v2\/users\/1570"}],"replies":[{"embeddable":true,"href":"https:\/\/careers.victoriassecret.com\/fr\/wp-json\/wp\/v2\/comments?post=967"}],"version-history":[{"count":3,"href":"https:\/\/careers.victoriassecret.com\/fr\/wp-json\/wp\/v2\/pages\/967\/revisions"}],"predecessor-version":[{"id":3302,"href":"https:\/\/careers.victoriassecret.com\/fr\/wp-json\/wp\/v2\/pages\/967\/revisions\/3302"}],"wp:attachment":[{"href":"https:\/\/careers.victoriassecret.com\/fr\/wp-json\/wp\/v2\/media?parent=967"}],"wp:term":[{"taxonomy":"persona","embeddable":true,"href":"https:\/\/careers.victoriassecret.com\/fr\/wp-json\/wp\/v2\/persona?post=967"}],"curies":[{"name":"wp","href":"https:\/\/api.w.org\/{rel}","templated":true}]}}